{"id":22926,"date":"2025-02-28T10:13:48","date_gmt":"2025-02-28T09:13:48","guid":{"rendered":"https:\/\/www.hotelmexico.net\/form\/"},"modified":"2026-03-13T12:31:05","modified_gmt":"2026-03-13T11:31:05","slug":"bon-de-valeur","status":"publish","type":"page","link":"https:\/\/www.hotelmexico.net\/fr\/bon-de-valeur\/","title":{"rendered":"Bon de valeur"},"content":{"rendered":"<div class=\"wpb-content-wrapper\"><p>[vc_row full_width=\u00a0\u00bbstretch_row_content\u00a0\u00bb content_placement=\u00a0\u00bbmiddle\u00a0\u00bb css=\u00a0\u00bb.vc_custom_1741875167322{background-color: #FFFFFF !important;}\u00a0\u00bb][vc_column width=\u00a0\u00bb1\/6\u2033 css=\u00a0\u00bb.vc_custom_1737553254693{padding-right: 30px !important;padding-left: 30px !important;background-color: #FFFFFF !important;}\u00a0\u00bb][\/vc_column][vc_column width=\u00a0\u00bb2\/3\u2033][vc_custom_heading text=\u00a0\u00bbOrizzonte Mexico\u00a0\u00bb font_container=\u00a0\u00bbtag:h2|font_size:100|text_align:left\u00a0\u00bb css=\u00a0\u00bb\u00a0\u00bb el_class=\u00a0\u00bbspazio-desktop\u00a0\u00bb][vc_custom_heading text=\u00a0\u00bbOrizzonte Mexico\u00a0\u00bb font_container=\u00a0\u00bbtag:h2|font_size:60|text_align:left\u00a0\u00bb css=\u00a0\u00bb\u00a0\u00bb el_class=\u00a0\u00bbspazio-mobile\u00a0\u00bb][vc_single_image image=\u00a0\u00bb26441\u2033 img_size=\u00a0\u00bb\u00a0\u00bb css=\u00a0\u00bb\u00a0\u00bb][\/vc_column][vc_column width=\u00a0\u00bb1\/6\u2033][\/vc_column][\/vc_row][vc_row full_width=\u00a0\u00bbstretch_row_content\u00a0\u00bb content_placement=\u00a0\u00bbmiddle\u00a0\u00bb css=\u00a0\u00bb.vc_custom_1737554314146{background-color: #FFFFFF !important;}\u00a0\u00bb][vc_column width=\u00a0\u00bb1\/4\u2033 css=\u00a0\u00bb.vc_custom_1737553254693{padding-right: 30px !important;padding-left: 30px !important;background-color: #FFFFFF !important;}\u00a0\u00bb][\/vc_column][vc_column width=\u00a0\u00bb1\/2\u2033][vc_custom_heading text=\u00a0\u00bbCe n\u2019est pas un simple cadeau. C\u2019est le d\u00e9but d\u2019un voyage.\u00a0\u00bb font_container=\u00a0\u00bbtag:h3|text_align:left|line_height:44px\u00a0\u00bb css=\u00a0\u00bb\u00a0\u00bb el_class=\u00a0\u00bbspazio-desktop\u00a0\u00bb][vc_custom_heading text=\u00a0\u00bbCe n\u2019est pas un simple cadeau. C\u2019est le d\u00e9but d\u2019un voyage.\u00a0\u00bb font_container=\u00a0\u00bbtag:h3|text_align:left|line_height:44px\u00a0\u00bb css=\u00a0\u00bb\u00a0\u00bb el_class=\u00a0\u00bbspazio-mobile\u00a0\u00bb][vc_column_text css=\u00a0\u00bb\u00a0\u00bb]<\/p>\n<p class=\"\">Il y a des moments o\u00f9 tout ce dont on a besoin, c\u2019est d\u2019un horizon ouvert.<\/p>\n<p class=\"\"><strong>Orizzonte Mexico est un cadeau sp\u00e9cial<\/strong>, notre fa\u00e7on d\u2019emmener ceux que vous aimez \u00e0 la mer, avant m\u00eame le d\u00e9part.<\/p>\n<p class=\"\">Ce n\u2019est pas seulement un bon d\u2019achat, c\u2019est offrir la promesse d\u2019un temps retrouv\u00e9, fait d\u2019instants lents \u00e0 savourer pleinement.<\/p>\n<p class=\"\">C\u2019est le privil\u00e8ge di n\u2019avoir rien \u00e0 d\u00e9cider, si ce n\u2019est de se laisser bercer par la mer.<\/p>\n<p class=\"\">C\u2019est la s\u00e9curit\u00e9 d\u2019une \u00ab\u00a0\u00eele heureuse\u00a0\u00bb qui existe vraiment.<\/p>\n<p>[\/vc_column_text][vc_column_text css=\u00a0\u00bb\u00a0\u00bb]<\/p>\n<p data-path-to-node=\"12\"><strong>Remplissez le formulaire, choisissez le montant du bon et \u00e9crivez votre message.<\/strong><\/p>\n<p data-path-to-node=\"12\">Vous recevrez le bon directement par e-mail, pr\u00eat \u00e0 \u00eatre offert.<\/p>\n<p>[\/vc_column_text][vc_column_text css=\u00a0\u00bb\u00a0\u00bb][\/vc_column_text][\/vc_column][vc_column width=\u00a0\u00bb1\/4\u2033][\/vc_column][\/vc_row][vc_row][vc_column width=\u00a0\u00bb1\/12\u2033][\/vc_column][vc_column width=\u00a0\u00bb5\/6\u2033 css=\u00a0\u00bb.vc_custom_1772448483413{background-color: #FFFFFF !important;}\u00a0\u00bb][vc_column_text css=\u00a0\u00bb.vc_custom_1773401310952{padding-top: 5% !important;padding-right: 5% !important;padding-bottom: 5% !important;padding-left: 5% !important;}\u00a0\u00bb]<div id=\"quform-ce76e8\" class=\"quform quform-4 quform-support-page-caching\"><form id=\"quform-form-ce76e8\" class=\"quform-form quform-form-4\" action=\"\/fr\/wp-json\/wp\/v2\/pages\/22926#quform-ce76e8\" method=\"post\" enctype=\"multipart\/form-data\" novalidate=\"novalidate\" data-options=\"{&quot;id&quot;:4,&quot;uniqueId&quot;:&quot;ce76e8&quot;,&quot;theme&quot;:&quot;&quot;,&quot;ajax&quot;:true,&quot;logic&quot;:{&quot;logic&quot;:[],&quot;dependents&quot;:[],&quot;elementIds&quot;:[],&quot;dependentElementIds&quot;:[],&quot;animate&quot;:true},&quot;currentPageId&quot;:1,&quot;errorsIcon&quot;:&quot;&quot;,&quot;updateFancybox&quot;:true,&quot;hasPages&quot;:false,&quot;pages&quot;:[1],&quot;pageProgressType&quot;:&quot;numbers&quot;,&quot;tooltipsEnabled&quot;:true,&quot;tooltipClasses&quot;:&quot;qtip-quform-dark qtip-shadow&quot;,&quot;tooltipMy&quot;:&quot;left center&quot;,&quot;tooltipAt&quot;:&quot;right center&quot;,&quot;isRtl&quot;:false,&quot;scrollOffset&quot;:-50,&quot;scrollSpeed&quot;:800}\"><button class=\"quform-default-submit\" name=\"quform_submit\" type=\"submit\" value=\"submit\" aria-hidden=\"true\" tabindex=\"-1\"><\/button><div class=\"quform-form-inner quform-form-inner-4\"><input type=\"hidden\" name=\"quform_form_id\" value=\"4\" \/><input type=\"hidden\" name=\"quform_form_uid\" value=\"ce76e8\" \/><input type=\"hidden\" name=\"quform_count\" value=\"1\" \/><input type=\"hidden\" name=\"form_url\" value=\"https:\/\/www.hotelmexico.net\/fr\/wp-json\/wp\/v2\/pages\/22926\" \/><input type=\"hidden\" name=\"referring_url\" value=\"\" \/><input type=\"hidden\" name=\"post_id\" value=\"\" \/><input type=\"hidden\" name=\"post_title\" value=\"\" \/><input type=\"hidden\" name=\"quform_current_page_id\" value=\"1\" \/><input type=\"hidden\" name=\"quform_loaded\" value=\"1777641073|3baef53c927f7935726554c69d220877\" \/><input type=\"hidden\" name=\"quform_csrf_token\" value=\"aYjsNzEdJ7yYDkbS59pTljUNYuxU1mgWJy8uSjTV\" \/><div class=\"quform-elements quform-elements-4 quform-cf quform-responsive-elements-phone-landscape\"><div class=\"quform-element quform-element-page quform-page-1 quform-page-4_1 quform-cf quform-group-style-plain quform-first-page quform-last-page quform-current-page\"><div class=\"quform-child-elements\"><div class=\"quform-element quform-element-text quform-element-4_3 quform-cf quform-element-required\"><div class=\"quform-spacer\"><div class=\"quform-label quform-label-4_3\"><label class=\"quform-label-text\" for=\"quform_4_3_ce76e8\">Votre Nom et Pr\u00e9nom<span class=\"quform-required\">*<\/span><\/label><\/div><div class=\"quform-inner quform-inner-text quform-inner-4_3 quform-field-size-medium quform-field-width-medium\"><div class=\"quform-input quform-input-text quform-input-4_3 quform-cf\"><input type=\"text\" id=\"quform_4_3_ce76e8\" name=\"quform_4_3\" class=\"quform-field quform-field-text quform-field-4_3\" \/><\/div><\/div><\/div><\/div><div class=\"quform-element quform-element-textarea quform-element-4_288259 quform-sr-only quform-cf\" style=\"clip: rect(1px, 1px, 1px, 1px); clip-path: inset(50%); position: absolute !important; height: 1px; width: 1px; overflow: hidden;\"><div class=\"quform-spacer\"><div class=\"quform-label quform-label-4_288259\"><label class=\"quform-label-text\" for=\"quform_4_288259_ce76e8\">Website URL<span class=\"quform-required\">*<\/span><\/label><\/div><div class=\"quform-inner quform-inner-4_288259\"><textarea id=\"quform_4_288259_ce76e8\" name=\"quform_4_288259\" class=\"quform-field quform-field-textarea quform-field-4_288259\" tabindex=\"-1\" autocomplete=\"new-password\"><\/textarea><\/div><\/div><\/div><div class=\"quform-element quform-element-text quform-element-4_4 quform-cf quform-element-required\"><div class=\"quform-spacer\"><div class=\"quform-label quform-label-4_4\"><label class=\"quform-label-text\" for=\"quform_4_4_ce76e8\">Votre E-mail<span class=\"quform-required\">*<\/span><\/label><\/div><div class=\"quform-inner quform-inner-text quform-inner-4_4 quform-field-size-medium quform-field-width-medium\"><div class=\"quform-input quform-input-text quform-input-4_4 quform-cf\"><input type=\"text\" id=\"quform_4_4_ce76e8\" name=\"quform_4_4\" class=\"quform-field quform-field-text quform-field-4_4\" \/><\/div><\/div><\/div><\/div><div class=\"quform-element quform-element-text quform-element-4_5 quform-cf quform-element-required\"><div class=\"quform-spacer\"><div class=\"quform-label quform-label-4_5\"><label class=\"quform-label-text\" for=\"quform_4_5_ce76e8\">Votre Num\u00e9ro de T\u00e9l\u00e9phone<span class=\"quform-required\">*<\/span><\/label><\/div><div class=\"quform-inner quform-inner-text quform-inner-4_5 quform-field-size-medium quform-field-width-medium\"><div class=\"quform-input quform-input-text quform-input-4_5 quform-cf\"><input type=\"text\" id=\"quform_4_5_ce76e8\" name=\"quform_4_5\" class=\"quform-field quform-field-text quform-field-4_5\" \/><\/div><\/div><\/div><\/div><div class=\"quform-element quform-element-text quform-element-4_9 quform-cf quform-element-required\"><div class=\"quform-spacer\"><div class=\"quform-label quform-label-4_9\"><label class=\"quform-label-text\" for=\"quform_4_9_ce76e8\">Destinataire du Bon<span class=\"quform-required\">*<\/span><\/label><\/div><div class=\"quform-inner quform-inner-text quform-inner-4_9 quform-field-size-medium quform-field-width-medium\"><div class=\"quform-input quform-input-text quform-input-4_9 quform-cf\"><input type=\"text\" id=\"quform_4_9_ce76e8\" name=\"quform_4_9\" class=\"quform-field quform-field-text quform-field-4_9\" \/><\/div><\/div><\/div><\/div><div class=\"quform-element quform-element-text quform-element-4_6 quform-cf quform-element-required\"><div class=\"quform-spacer\"><div class=\"quform-label quform-label-4_6\"><label class=\"quform-label-text\" for=\"quform_4_6_ce76e8\">Valeur du Bon<span class=\"quform-required\">*<\/span><\/label><\/div><div class=\"quform-inner quform-inner-text quform-inner-4_6 quform-field-size-medium quform-field-width-medium\"><div class=\"quform-input quform-input-text quform-input-4_6 quform-cf\"><input type=\"text\" id=\"quform_4_6_ce76e8\" name=\"quform_4_6\" class=\"quform-field quform-field-text quform-field-4_6\" value=\"\u20ac\" \/><\/div><\/div><\/div><\/div><div class=\"quform-element quform-element-textarea quform-element-4_7 quform-cf quform-element-optional\"><div class=\"quform-spacer\"><div class=\"quform-label quform-label-4_7\"><label class=\"quform-label-text\" for=\"quform_4_7_ce76e8\">Message Sp\u00e9cial:<\/label><\/div><div class=\"quform-inner quform-inner-textarea quform-inner-4_7\"><div class=\"quform-input quform-input-textarea quform-input-4_7 quform-cf\"><textarea id=\"quform_4_7_ce76e8\" name=\"quform_4_7\" class=\"quform-field quform-field-textarea quform-field-4_7\">\u00c9crivez votre message ici<\/textarea><\/div><\/div><\/div><\/div><div class=\"quform-element quform-element-checkbox quform-element-4_8 quform-cf quform-element-required\"><div class=\"quform-spacer\"><div class=\"quform-inner quform-inner-checkbox quform-inner-4_8\"><div class=\"quform-input quform-input-checkbox quform-input-4_8 quform-cf\"><div class=\"quform-options quform-cf quform-options-block quform-options-simple\"><div class=\"quform-option\"><input type=\"checkbox\" name=\"quform_4_8[]\" id=\"quform_4_8_ce76e8_1\" class=\"quform-field quform-field-checkbox quform-field-4_8 quform-field-4_8_1\" value=\"J&#039;ai lu et j&#039;accepte la politique de <a href=&quot;https:\/\/www.iubenda.com\/privacy-policy\/78287172&quot; class=&quot;iubenda-nostyle no-brand iubenda-noiframe iubenda-embed&quot; title=&quot;Privacy Policy &quot; target=&quot;_blank&quot;>Privacy Policy<\/a>\" \/><label for=\"quform_4_8_ce76e8_1\" class=\"quform-option-label quform-option-label-4_8_1\"><span class=\"quform-option-text\">J'ai lu et j'accepte la politique de <a href=\"https:\/\/www.iubenda.com\/privacy-policy\/78287172\" class=\"iubenda-nostyle no-brand iubenda-noiframe iubenda-embed\" title=\"Privacy Policy \" target=\"_blank\">Privacy Policy<\/a><\/span><\/label><\/div><\/div><\/div><\/div><\/div><\/div><div class=\"quform-element quform-element-submit quform-element-4_2 quform-cf quform-button-style-theme\"><div class=\"quform-button-submit quform-button-submit-default quform-button-submit-4_2 quform-button-icon-right\"><button name=\"quform_submit\" type=\"submit\" class=\"quform-submit\" value=\"submit\"><span class=\"quform-button-text quform-button-submit-text\">Soumettre<\/span><span class=\"quform-button-icon quform-button-submit-icon\"><i class=\"qicon-paper-plane\"><\/i><\/span><\/button><\/div><div class=\"quform-loading quform-loading-position-left quform-loading-type-spinner-1\"><div class=\"quform-loading-inner\"><div class=\"quform-loading-spinner\"><div class=\"quform-loading-spinner-inner\"><\/div><\/div><\/div><\/div><\/div><\/div><\/div><\/div><\/div><\/form><\/div>[\/vc_column_text][\/vc_column][vc_column width=\u00a0\u00bb1\/12\u2033][\/vc_column][\/vc_row][vc_row][vc_column][\/vc_column][\/vc_row][vc_row][vc_column][\/vc_column][\/vc_row]<\/p>\n<\/div>","protected":false},"excerpt":{"rendered":"<p>[vc_row full_width=\u00a0\u00bbstretch_row_content\u00a0\u00bb content_placement=\u00a0\u00bbmiddle\u00a0\u00bb css=\u00a0\u00bb.vc_custom_1741875167322{background-color: #FFFFFF !important;}\u00a0\u00bb][vc_column width=\u00a0\u00bb1\/6\u2033 css=\u00a0\u00bb.vc_custom_1737553254693{padding-right: 30px !important;padding-left: 30px !important;background-color: #FFFFFF !important;}\u00a0\u00bb][\/vc_column][vc_column width=\u00a0\u00bb2\/3\u2033][vc_custom_heading text=\u00a0\u00bbOrizzonte Mexico\u00a0\u00bb font_container=\u00a0\u00bbtag:h2|font_size:100|text_align:left\u00a0\u00bb css=\u00a0\u00bb\u00a0\u00bb el_class=\u00a0\u00bbspazio-desktop\u00a0\u00bb][vc_custom_heading text=\u00a0\u00bbOrizzonte Mexico\u00a0\u00bb font_container=\u00a0\u00bbtag:h2|font_size:60|text_align:left\u00a0\u00bb css=\u00a0\u00bb\u00a0\u00bb el_class=\u00a0\u00bbspazio-mobile\u00a0\u00bb][vc_single_image image=\u00a0\u00bb26441\u2033 img_size=\u00a0\u00bb\u00a0\u00bb css=\u00a0\u00bb\u00a0\u00bb][\/vc_column][vc_column width=\u00a0\u00bb1\/6\u2033][\/vc_column][\/vc_row][vc_row full_width=\u00a0\u00bbstretch_row_content\u00a0\u00bb content_placement=\u00a0\u00bbmiddle\u00a0\u00bb css=\u00a0\u00bb.vc_custom_1737554314146{background-color: #FFFFFF !important;}\u00a0\u00bb][vc_column width=\u00a0\u00bb1\/4\u2033 css=\u00a0\u00bb.vc_custom_1737553254693{padding-right: 30px !important;padding-left: 30px !important;background-color: #FFFFFF !important;}\u00a0\u00bb][\/vc_column][vc_column width=\u00a0\u00bb1\/2\u2033][vc_custom_heading text=\u00a0\u00bbCe n\u2019est pas un simple cadeau. C\u2019est le d\u00e9but d\u2019un voyage.\u00a0\u00bb font_container=\u00a0\u00bbtag:h3|text_align:left|line_height:44px\u00a0\u00bb [&hellip;]<\/p>\n","protected":false},"author":1,"featured_media":0,"parent":0,"menu_order":0,"comment_status":"closed","ping_status":"closed","template":"","meta":{"inline_featured_image":false,"footnotes":""},"class_list":["post-22926","page","type-page","status-publish","hentry"],"yoast_head":"<!-- This site is optimized with the Yoast SEO plugin v27.5 - https:\/\/yoast.com\/product\/yoast-seo-wordpress\/ -->\n<title>Bon de valeur - Hotel Mexico<\/title>\n<meta name=\"robots\" content=\"index, follow, max-snippet:-1, max-image-preview:large, max-video-preview:-1\" \/>\n<link rel=\"canonical\" href=\"https:\/\/www.hotelmexico.net\/fr\/bon-de-valeur\/\" \/>\n<meta property=\"og:locale\" content=\"fr_FR\" \/>\n<meta property=\"og:type\" content=\"article\" \/>\n<meta property=\"og:title\" content=\"Bon de valeur - Hotel Mexico\" \/>\n<meta property=\"og:description\" content=\"[vc_row full_width=\u00a0\u00bbstretch_row_content\u00a0\u00bb content_placement=\u00a0\u00bbmiddle\u00a0\u00bb css=\u00a0\u00bb.vc_custom_1741875167322{background-color: #FFFFFF !important;}\u00a0\u00bb][vc_column width=\u00a0\u00bb1\/6\u2033 css=\u00a0\u00bb.vc_custom_1737553254693{padding-right: 30px !important;padding-left: 30px !important;background-color: #FFFFFF !important;}\u00a0\u00bb][\/vc_column][vc_column width=\u00a0\u00bb2\/3\u2033][vc_custom_heading text=\u00a0\u00bbOrizzonte Mexico\u00a0\u00bb font_container=\u00a0\u00bbtag:h2|font_size:100|text_align:left\u00a0\u00bb css=\u00a0\u00bb\u00a0\u00bb el_class=\u00a0\u00bbspazio-desktop\u00a0\u00bb][vc_custom_heading text=\u00a0\u00bbOrizzonte Mexico\u00a0\u00bb font_container=\u00a0\u00bbtag:h2|font_size:60|text_align:left\u00a0\u00bb css=\u00a0\u00bb\u00a0\u00bb el_class=\u00a0\u00bbspazio-mobile\u00a0\u00bb][vc_single_image image=\u00a0\u00bb26441\u2033 img_size=\u00a0\u00bb\u00a0\u00bb css=\u00a0\u00bb\u00a0\u00bb][\/vc_column][vc_column width=\u00a0\u00bb1\/6\u2033][\/vc_column][\/vc_row][vc_row full_width=\u00a0\u00bbstretch_row_content\u00a0\u00bb content_placement=\u00a0\u00bbmiddle\u00a0\u00bb css=\u00a0\u00bb.vc_custom_1737554314146{background-color: #FFFFFF !important;}\u00a0\u00bb][vc_column width=\u00a0\u00bb1\/4\u2033 css=\u00a0\u00bb.vc_custom_1737553254693{padding-right: 30px !important;padding-left: 30px !important;background-color: #FFFFFF !important;}\u00a0\u00bb][\/vc_column][vc_column width=\u00a0\u00bb1\/2\u2033][vc_custom_heading text=\u00a0\u00bbCe n\u2019est pas un simple cadeau. C\u2019est le d\u00e9but d\u2019un voyage.\u00a0\u00bb font_container=\u00a0\u00bbtag:h3|text_align:left|line_height:44px\u00a0\u00bb [&hellip;]\" \/>\n<meta property=\"og:url\" content=\"https:\/\/www.hotelmexico.net\/fr\/bon-de-valeur\/\" \/>\n<meta property=\"og:site_name\" content=\"Hotel Mexico\" \/>\n<meta property=\"article:publisher\" content=\"https:\/\/www.facebook.com\/HotelMexicoBellaria\" \/>\n<meta property=\"article:modified_time\" content=\"2026-03-13T11:31:05+00:00\" \/>\n<meta name=\"twitter:card\" content=\"summary_large_image\" \/>\n<meta name=\"twitter:label1\" content=\"Dur\u00e9e de lecture estim\u00e9e\" \/>\n\t<meta name=\"twitter:data1\" content=\"2 minutes\" \/>\n<script type=\"application\/ld+json\" class=\"yoast-schema-graph\">{\"@context\":\"https:\\\/\\\/schema.org\",\"@graph\":[{\"@type\":\"WebPage\",\"@id\":\"https:\\\/\\\/www.hotelmexico.net\\\/fr\\\/bon-de-valeur\\\/\",\"url\":\"https:\\\/\\\/www.hotelmexico.net\\\/fr\\\/bon-de-valeur\\\/\",\"name\":\"Bon de valeur - Hotel Mexico\",\"isPartOf\":{\"@id\":\"https:\\\/\\\/www.hotelmexico.net\\\/fr\\\/#website\"},\"datePublished\":\"2025-02-28T09:13:48+00:00\",\"dateModified\":\"2026-03-13T11:31:05+00:00\",\"breadcrumb\":{\"@id\":\"https:\\\/\\\/www.hotelmexico.net\\\/fr\\\/bon-de-valeur\\\/#breadcrumb\"},\"inLanguage\":\"fr-FR\",\"potentialAction\":[{\"@type\":\"ReadAction\",\"target\":[\"https:\\\/\\\/www.hotelmexico.net\\\/fr\\\/bon-de-valeur\\\/\"]}]},{\"@type\":\"BreadcrumbList\",\"@id\":\"https:\\\/\\\/www.hotelmexico.net\\\/fr\\\/bon-de-valeur\\\/#breadcrumb\",\"itemListElement\":[{\"@type\":\"ListItem\",\"position\":1,\"name\":\"Home\",\"item\":\"https:\\\/\\\/www.hotelmexico.net\\\/fr\\\/\"},{\"@type\":\"ListItem\",\"position\":2,\"name\":\"Bon de valeur\"}]},{\"@type\":\"WebSite\",\"@id\":\"https:\\\/\\\/www.hotelmexico.net\\\/fr\\\/#website\",\"url\":\"https:\\\/\\\/www.hotelmexico.net\\\/fr\\\/\",\"name\":\"Hotel Mexico\",\"description\":\"- Bellaria Igea Marina - Stacca la Spina e Accendi le emozioni &#x1fa75;\",\"publisher\":{\"@id\":\"https:\\\/\\\/www.hotelmexico.net\\\/fr\\\/#organization\"},\"potentialAction\":[{\"@type\":\"SearchAction\",\"target\":{\"@type\":\"EntryPoint\",\"urlTemplate\":\"https:\\\/\\\/www.hotelmexico.net\\\/fr\\\/?s={search_term_string}\"},\"query-input\":{\"@type\":\"PropertyValueSpecification\",\"valueRequired\":true,\"valueName\":\"search_term_string\"}}],\"inLanguage\":\"fr-FR\"},{\"@type\":\"Organization\",\"@id\":\"https:\\\/\\\/www.hotelmexico.net\\\/fr\\\/#organization\",\"name\":\"Hotel Mexico\",\"url\":\"https:\\\/\\\/www.hotelmexico.net\\\/fr\\\/\",\"logo\":{\"@type\":\"ImageObject\",\"inLanguage\":\"fr-FR\",\"@id\":\"https:\\\/\\\/www.hotelmexico.net\\\/fr\\\/#\\\/schema\\\/logo\\\/image\\\/\",\"url\":\"https:\\\/\\\/www.hotelmexico.net\\\/wp-content\\\/uploads\\\/2019\\\/01\\\/Favicon-no-riquadro-2026.png\",\"contentUrl\":\"https:\\\/\\\/www.hotelmexico.net\\\/wp-content\\\/uploads\\\/2019\\\/01\\\/Favicon-no-riquadro-2026.png\",\"width\":512,\"height\":512,\"caption\":\"Hotel Mexico\"},\"image\":{\"@id\":\"https:\\\/\\\/www.hotelmexico.net\\\/fr\\\/#\\\/schema\\\/logo\\\/image\\\/\"},\"sameAs\":[\"https:\\\/\\\/www.facebook.com\\\/HotelMexicoBellaria\",\"https:\\\/\\\/www.instagram.com\\\/hotel_mexico\\\/\"]}]}<\/script>\n<!-- \/ Yoast SEO plugin. -->","yoast_head_json":{"title":"Bon de valeur - Hotel Mexico","robots":{"index":"index","follow":"follow","max-snippet":"max-snippet:-1","max-image-preview":"max-image-preview:large","max-video-preview":"max-video-preview:-1"},"canonical":"https:\/\/www.hotelmexico.net\/fr\/bon-de-valeur\/","og_locale":"fr_FR","og_type":"article","og_title":"Bon de valeur - Hotel Mexico","og_description":"[vc_row full_width=\u00a0\u00bbstretch_row_content\u00a0\u00bb content_placement=\u00a0\u00bbmiddle\u00a0\u00bb css=\u00a0\u00bb.vc_custom_1741875167322{background-color: #FFFFFF !important;}\u00a0\u00bb][vc_column width=\u00a0\u00bb1\/6\u2033 css=\u00a0\u00bb.vc_custom_1737553254693{padding-right: 30px !important;padding-left: 30px !important;background-color: #FFFFFF !important;}\u00a0\u00bb][\/vc_column][vc_column width=\u00a0\u00bb2\/3\u2033][vc_custom_heading text=\u00a0\u00bbOrizzonte Mexico\u00a0\u00bb font_container=\u00a0\u00bbtag:h2|font_size:100|text_align:left\u00a0\u00bb css=\u00a0\u00bb\u00a0\u00bb el_class=\u00a0\u00bbspazio-desktop\u00a0\u00bb][vc_custom_heading text=\u00a0\u00bbOrizzonte Mexico\u00a0\u00bb font_container=\u00a0\u00bbtag:h2|font_size:60|text_align:left\u00a0\u00bb css=\u00a0\u00bb\u00a0\u00bb el_class=\u00a0\u00bbspazio-mobile\u00a0\u00bb][vc_single_image image=\u00a0\u00bb26441\u2033 img_size=\u00a0\u00bb\u00a0\u00bb css=\u00a0\u00bb\u00a0\u00bb][\/vc_column][vc_column width=\u00a0\u00bb1\/6\u2033][\/vc_column][\/vc_row][vc_row full_width=\u00a0\u00bbstretch_row_content\u00a0\u00bb content_placement=\u00a0\u00bbmiddle\u00a0\u00bb css=\u00a0\u00bb.vc_custom_1737554314146{background-color: #FFFFFF !important;}\u00a0\u00bb][vc_column width=\u00a0\u00bb1\/4\u2033 css=\u00a0\u00bb.vc_custom_1737553254693{padding-right: 30px !important;padding-left: 30px !important;background-color: #FFFFFF !important;}\u00a0\u00bb][\/vc_column][vc_column width=\u00a0\u00bb1\/2\u2033][vc_custom_heading text=\u00a0\u00bbCe n\u2019est pas un simple cadeau. C\u2019est le d\u00e9but d\u2019un voyage.\u00a0\u00bb font_container=\u00a0\u00bbtag:h3|text_align:left|line_height:44px\u00a0\u00bb [&hellip;]","og_url":"https:\/\/www.hotelmexico.net\/fr\/bon-de-valeur\/","og_site_name":"Hotel Mexico","article_publisher":"https:\/\/www.facebook.com\/HotelMexicoBellaria","article_modified_time":"2026-03-13T11:31:05+00:00","twitter_card":"summary_large_image","twitter_misc":{"Dur\u00e9e de lecture estim\u00e9e":"2 minutes"},"schema":{"@context":"https:\/\/schema.org","@graph":[{"@type":"WebPage","@id":"https:\/\/www.hotelmexico.net\/fr\/bon-de-valeur\/","url":"https:\/\/www.hotelmexico.net\/fr\/bon-de-valeur\/","name":"Bon de valeur - Hotel Mexico","isPartOf":{"@id":"https:\/\/www.hotelmexico.net\/fr\/#website"},"datePublished":"2025-02-28T09:13:48+00:00","dateModified":"2026-03-13T11:31:05+00:00","breadcrumb":{"@id":"https:\/\/www.hotelmexico.net\/fr\/bon-de-valeur\/#breadcrumb"},"inLanguage":"fr-FR","potentialAction":[{"@type":"ReadAction","target":["https:\/\/www.hotelmexico.net\/fr\/bon-de-valeur\/"]}]},{"@type":"BreadcrumbList","@id":"https:\/\/www.hotelmexico.net\/fr\/bon-de-valeur\/#breadcrumb","itemListElement":[{"@type":"ListItem","position":1,"name":"Home","item":"https:\/\/www.hotelmexico.net\/fr\/"},{"@type":"ListItem","position":2,"name":"Bon de valeur"}]},{"@type":"WebSite","@id":"https:\/\/www.hotelmexico.net\/fr\/#website","url":"https:\/\/www.hotelmexico.net\/fr\/","name":"Hotel Mexico","description":"- Bellaria Igea Marina - Stacca la Spina e Accendi le emozioni &#x1fa75;","publisher":{"@id":"https:\/\/www.hotelmexico.net\/fr\/#organization"},"potentialAction":[{"@type":"SearchAction","target":{"@type":"EntryPoint","urlTemplate":"https:\/\/www.hotelmexico.net\/fr\/?s={search_term_string}"},"query-input":{"@type":"PropertyValueSpecification","valueRequired":true,"valueName":"search_term_string"}}],"inLanguage":"fr-FR"},{"@type":"Organization","@id":"https:\/\/www.hotelmexico.net\/fr\/#organization","name":"Hotel Mexico","url":"https:\/\/www.hotelmexico.net\/fr\/","logo":{"@type":"ImageObject","inLanguage":"fr-FR","@id":"https:\/\/www.hotelmexico.net\/fr\/#\/schema\/logo\/image\/","url":"https:\/\/www.hotelmexico.net\/wp-content\/uploads\/2019\/01\/Favicon-no-riquadro-2026.png","contentUrl":"https:\/\/www.hotelmexico.net\/wp-content\/uploads\/2019\/01\/Favicon-no-riquadro-2026.png","width":512,"height":512,"caption":"Hotel Mexico"},"image":{"@id":"https:\/\/www.hotelmexico.net\/fr\/#\/schema\/logo\/image\/"},"sameAs":["https:\/\/www.facebook.com\/HotelMexicoBellaria","https:\/\/www.instagram.com\/hotel_mexico\/"]}]}},"publishpress_future_action":{"enabled":false,"date":"2026-05-08 15:11:13","action":"change-status","newStatus":"draft","terms":[],"taxonomy":"translation_priority","extraData":[]},"publishpress_future_workflow_manual_trigger":{"enabledWorkflows":[]},"_links":{"self":[{"href":"https:\/\/www.hotelmexico.net\/fr\/wp-json\/wp\/v2\/pages\/22926","targetHints":{"allow":["GET"]}}],"collection":[{"href":"https:\/\/www.hotelmexico.net\/fr\/wp-json\/wp\/v2\/pages"}],"about":[{"href":"https:\/\/www.hotelmexico.net\/fr\/wp-json\/wp\/v2\/types\/page"}],"author":[{"embeddable":true,"href":"https:\/\/www.hotelmexico.net\/fr\/wp-json\/wp\/v2\/users\/1"}],"replies":[{"embeddable":true,"href":"https:\/\/www.hotelmexico.net\/fr\/wp-json\/wp\/v2\/comments?post=22926"}],"version-history":[{"count":5,"href":"https:\/\/www.hotelmexico.net\/fr\/wp-json\/wp\/v2\/pages\/22926\/revisions"}],"predecessor-version":[{"id":26757,"href":"https:\/\/www.hotelmexico.net\/fr\/wp-json\/wp\/v2\/pages\/22926\/revisions\/26757"}],"wp:attachment":[{"href":"https:\/\/www.hotelmexico.net\/fr\/wp-json\/wp\/v2\/media?parent=22926"}],"curies":[{"name":"wp","href":"https:\/\/api.w.org\/{rel}","templated":true}]}}