{"id":22883,"date":"2025-02-20T10:16:05","date_gmt":"2025-02-20T09:16:05","guid":{"rendered":"https:\/\/www.hotelmexico.net\/buono-a-sapersi\/"},"modified":"2026-01-28T12:42:12","modified_gmt":"2026-01-28T11:42:12","slug":"bon-a-savoir","status":"publish","type":"page","link":"https:\/\/www.hotelmexico.net\/fr\/bon-a-savoir\/","title":{"rendered":"Bon \u00e0 Savoir"},"content":{"rendered":"<div class=\"wpb-content-wrapper\"><p>[vc_row full_width=\u00a0\u00bbstretch_row_content_no_spaces\u00a0\u00bb content_placement=\u00a0\u00bbmiddle\u00a0\u00bb css=\u00a0\u00bb.vc_custom_1743062444741{background-color: #FFFFFF !important;}\u00a0\u00bb][vc_column width=\u00a0\u00bb1\/6&Prime; css=\u00a0\u00bb.vc_custom_1737553254693{padding-right: 30px !important;padding-left: 30px !important;background-color: #FFFFFF !important;}\u00a0\u00bb][\/vc_column][vc_column width=\u00a0\u00bb2\/3&Prime;][vc_custom_heading text=\u00a0\u00bbBon \u00e0 savoir\u00a0\u00bb font_container=\u00a0\u00bbtag:h2|font_size:100|text_align:left\u00a0\u00bb css=\u00a0\u00bb\u00a0\u00bb el_class=\u00a0\u00bbspazio-desktop\u00a0\u00bb][vc_custom_heading text=\u00a0\u00bbBon \u00e0 savoir\u00a0\u00bb font_container=\u00a0\u00bbtag:h2|font_size:60|text_align:left|line_height:1&Prime; css=\u00a0\u00bb.vc_custom_1743407292943{padding-right: 30px !important;padding-left: 30px !important;}\u00a0\u00bb el_class=\u00a0\u00bbspazio-mobile\u00a0\u00bb][\/vc_column][vc_column width=\u00a0\u00bb1\/6&Prime;][\/vc_column][\/vc_row][vc_row full_width=\u00a0\u00bbstretch_row_content\u00a0\u00bb content_placement=\u00a0\u00bbmiddle\u00a0\u00bb css=\u00a0\u00bb.vc_custom_1737554314146{background-color: #FFFFFF !important;}\u00a0\u00bb][vc_column width=\u00a0\u00bb1\/4&Prime; css=\u00a0\u00bb.vc_custom_1737553254693{padding-right: 30px !important;padding-left: 30px !important;background-color: #FFFFFF !important;}\u00a0\u00bb][\/vc_column][vc_column width=\u00a0\u00bb3\/4&Prime;][vc_column_text css=\u00a0\u00bb.vc_custom_1743407479003{padding-right: 20px !important;padding-left: 20px !important;}\u00a0\u00bb]<\/p>\n<h3>Seules les informations utiles<\/h3>\n<p>Parce que vous pouvez oublier vos soucis dans un tiroir.<br \/>\nVos vacances peuvent commencer d\u00e8s maintenant: vos questions devraient trouver ici toutes les r\u00e9ponses.<br \/>\nSinon, appelez-nous ou \u00e9crivez-nous.<br \/>\nNos sourires (et nos r\u00e9ponses) vous parviendront o\u00f9 que vous soyez.<br \/>\nNous n&rsquo;attendons que vous.[\/vc_column_text][vc_empty_space height=\u00a0\u00bb50px\u00a0\u00bb][vc_column_text css=\u00a0\u00bb\u00a0\u00bb][\/vc_column_text][vc_column_text css=\u00a0\u00bb\u00a0\u00bb][\/vc_column_text][\/vc_column][\/vc_row][vc_row full_width=\u00a0\u00bbstretch_row_content\u00a0\u00bb content_placement=\u00a0\u00bbmiddle\u00a0\u00bb css=\u00a0\u00bb.vc_custom_1737554314146{background-color: #FFFFFF !important;}\u00a0\u00bb][vc_column width=\u00a0\u00bb1\/6&Prime; css=\u00a0\u00bb.vc_custom_1737553254693{padding-right: 30px !important;padding-left: 30px !important;background-color: #FFFFFF !important;}\u00a0\u00bb][\/vc_column][vc_column width=\u00a0\u00bb2\/3&Prime;][vc_toggle title=\u00a0\u00bbO\u00d9 NOUS SOMMES\u00a0\u00bb css=\u00a0\u00bb\u00a0\u00bb]D\u00e9couvrez \u00e0 quel point il est facile de nous joindre.<\/p>\n<p><img loading=\"lazy\" decoding=\"async\" class=\"size-full wp-image-24381 aligncenter\" src=\"https:\/\/www.hotelmexico.net\/wp-content\/uploads\/2025\/04\/hotel-mexico-bellaria-sul-mare.png\" alt=\"\" width=\"1446\" height=\"497\" srcset=\"https:\/\/www.hotelmexico.net\/wp-content\/uploads\/2025\/04\/hotel-mexico-bellaria-sul-mare.png 1446w, https:\/\/www.hotelmexico.net\/wp-content\/uploads\/2025\/04\/hotel-mexico-bellaria-sul-mare-300x103.png 300w, https:\/\/www.hotelmexico.net\/wp-content\/uploads\/2025\/04\/hotel-mexico-bellaria-sul-mare-1024x352.png 1024w, https:\/\/www.hotelmexico.net\/wp-content\/uploads\/2025\/04\/hotel-mexico-bellaria-sul-mare-768x264.png 768w, https:\/\/www.hotelmexico.net\/wp-content\/uploads\/2025\/04\/hotel-mexico-bellaria-sul-mare-750x258.png 750w, https:\/\/www.hotelmexico.net\/wp-content\/uploads\/2025\/04\/hotel-mexico-bellaria-sul-mare-540x186.png 540w\" sizes=\"auto, (max-width: 1446px) 100vw, 1446px\" \/><\/p>\n<p>&nbsp;<\/p>\n<p><a href=\"https:\/\/www.google.com\/maps?rlz=1C1CHBD_itIT1036IT1036&amp;um=1&amp;ie=UTF-8&amp;fb=1&amp;gl=it&amp;sa=X&amp;geocode=KWe2Dk_vxywTMUc98z-VtDZq&amp;daddr=Via+dei+Pioppi,+15,+47814+Bellaria-Igea+Marina+RN\"><img loading=\"lazy\" decoding=\"async\" class=\"aligncenter wp-image-23648 size-full\" src=\"https:\/\/www.hotelmexico.net\/wp-content\/uploads\/2019\/01\/3.png\" alt=\"\" width=\"211\" height=\"48\" \/><\/a>[\/vc_toggle][vc_empty_space height=\u00a0\u00bb15px\u00a0\u00bb][vc_toggle title=\u00a0\u00bbENREGISTREMENT &#8211; D\u00c9PART\u00a0\u00bb css=\u00a0\u00bb\u00a0\u00bb]<strong>Vous pouvez vous enregistrer le jour de votre arriv\u00e9e \u00e0 partir de 14h.<\/strong><br \/>\nSi vous souhaitez arriver plus t\u00f4t, vous pouvez nous le faire savoir et vous pourrez imm\u00e9diatement profiter de tous nos services, comme prendre le petit d\u00e9jeuner dans notre jardin face \u00e0 la mer.<\/p>\n<p><strong>Le check-out doit toutefois \u00eatre effectu\u00e9 avant 10 heures le jour du d\u00e9part.<\/strong><br \/>\nToutefois, si vous ne pouvez vraiment plus vous passer de nous et souhaitez reporter votre d\u00e9part, vous pouvez nous le faire savoir et vous pourrez continuer \u00e0 utiliser tous nos services.[\/vc_toggle][vc_empty_space height=\u00a0\u00bb15px\u00a0\u00bb][vc_toggle title=\u00a0\u00bbCOMMENT NOUS REJOINDRE\u00a0\u00bb css=\u00a0\u00bb\u00a0\u00bb]<strong>EN VOITURE<\/strong><br \/>\nSi vous venez du Sud : Autoroute A14, sortie Rimini-nord<br \/>\nSi vous venez du Nord : S.S.16 Adriatica sortie Bellaria ou Autoatrada A14 sortie Valle del Rubicone<\/p>\n<p><strong>EN TRAIN<\/strong><br \/>\nFFSS Bellaria 1 km<br \/>\nFFSS Rimini 15 km<\/p>\n<p><strong>EN AVION<\/strong><br \/>\nA\u00e9roport de Rimini \u00e0 23 km<br \/>\nA\u00e9roport de Bologne 112 km<br \/>\nA\u00e9roport d&rsquo;Anc\u00f4ne 109 km[\/vc_toggle][vc_empty_space height=\u00a0\u00bb15px\u00a0\u00bb][vc_toggle title=\u00a0\u00bbSERVICE DE TRANSFERT\u00a0\u00bb css=\u00a0\u00bb\u00a0\u00bb]Pour tous vos besoins, nous sommes pr\u00eats \u00e0 organiser un <strong>service de transfert personnalis\u00e9<\/strong>, vous garantissant confort et tranquillit\u00e9 lors de vos d\u00e9placements.[\/vc_toggle][vc_empty_space height=\u00a0\u00bb15px\u00a0\u00bb][vc_toggle title=\u00a0\u00bbCOLONNE DE CHARGE \u00c9LECTRIQUE\u00a0\u00bb css=\u00a0\u00bb\u00a0\u00bb]Rechargez confortablement votre voiture \u00e9lectrique \u00e0 l&rsquo;h\u00f4tel gr\u00e2ce \u00e0 notre borne de recharge d\u00e9di\u00e9e.[\/vc_toggle][vc_empty_space height=\u00a0\u00bb15px\u00a0\u00bb][vc_toggle title=\u00a0\u00bbCONDITIONS DE R\u00c9SERVATION\u00a0\u00bb css=\u00a0\u00bb\u00a0\u00bb]Vous pouvez r\u00e9server en toute tranquillit\u00e9 <strong>sans aucun acompte de confirmation<\/strong> car pour nous il est important d&rsquo;\u00e9tablir imm\u00e9diatement une relation de respect et de confiance avec nos clients.<\/p>\n<p>La r\u00e9servation sera donc consid\u00e9r\u00e9e comme d\u00e9finitive d\u00e8s r\u00e9ception de notre email de confirmation.[\/vc_toggle][vc_empty_space height=\u00a0\u00bb15px\u00a0\u00bb][vc_toggle title=\u00a0\u00bbSERVICES INCLUS\u00a0\u00bb css=\u00a0\u00bb\u00a0\u00bb]Tous nos services TOUJOURS inclus dans les tarifs :<\/p>\n<p>\u25cf parking r\u00e9serv\u00e9 \u00e0 proximit\u00e9 et desservi par une navette<br \/>\n\u25cf v\u00e9los<br \/>\n\u25cf serviettes de plage pour la dur\u00e9e de votre s\u00e9jour<br \/>\n\u25cf piscines chauff\u00e9es avec hydromassage<br \/>\n\u25cf Kit Sweet SPA et Bien-\u00eatre pour s&rsquo;adonner \u00e0 d&rsquo;agr\u00e9ables sensations de d\u00e9tente[\/vc_toggle][vc_empty_space height=\u00a0\u00bb15px\u00a0\u00bb][vc_toggle title=\u00a0\u00bbPOURQUOI L&rsquo;H\u00d4TEL MEXICO EST-IL ID\u00c9AL POUR LES FAMILLES AVEC ENFANTS?\u00a0\u00bb css=\u00a0\u00bb\u00a0\u00bb]Notre point fort est la s\u00e9curit\u00e9: nous sommes situ\u00e9s directement sur la plage de Bellaria, sans aucune route \u00e0 traverser. Les enfants peuvent circuler librement entre la piscine chauff\u00e9e et la mer pendant que les parents se d\u00e9tendent. Nous proposons des animations discr\u00e8tes et des aires de jeux d\u00e9di\u00e9es.[\/vc_toggle][vc_empty_space height=\u00a0\u00bb15px\u00a0\u00bb][vc_toggle title=\u00a0\u00bbQUELS SONT LES SERVICES INCLUS POUR LES NOURRISSONS (MENUS, \u00c9QUIPEMENTS)?\u00a0\u00bb css=\u00a0\u00bb\u00a0\u00bb]Nous pensons \u00e0 tout: vous trouverez des berceaux en chambre et, sur demande, des chauffe-biberons et des baignoires pour b\u00e9b\u00e9. Au restaurant, nous mettons \u00e0 disposition des chaises hautes, des horaires flexibles et un acc\u00e8s anticip\u00e9.[\/vc_toggle][vc_empty_space height=\u00a0\u00bb15px\u00a0\u00bb][vc_toggle title=\u00a0\u00bbEXISTE-T-IL DES OFFRES \u00ab\u00a0ENFANTS REMIS\u00c9S\u00ab\u00a0 OU DES R\u00c9DUCTIONS FAMILLE?\u00a0\u00bb css=\u00a0\u00bb\u00a0\u00bb]Oui. Les enfants b\u00e9n\u00e9ficient toujours de r\u00e9ductions, quelle que soit la p\u00e9riode. Nous proposons \u00e9galement des \u00ab\u00a0plans famille\u00a0\u00bb (2 adultes + 2 enfants = 3 tarifs).[\/vc_toggle][vc_empty_space height=\u00a0\u00bb15px\u00a0\u00bb][vc_toggle title=\u00a0\u00bbTOUTES LES CHAMBRES ONT-ELLES UN BALCON AVEC VUE SUR LA MER?\u00a0\u00bb css=\u00a0\u00bb\u00a0\u00bb]Oui, toutes les chambres de l&rsquo;H\u00f4tel Mexico offrent une vue sur la mer. Nous proposons des chambres \u00ab\u00a0front de mer\u00a0\u00bb et des chambres avec \u00ab\u00a0vue lat\u00e9rale sur la mer\u00a0\u00bb.[\/vc_toggle][vc_empty_space height=\u00a0\u00bb15px\u00a0\u00bb][vc_toggle title=\u00a0\u00bbCOMMENT EST STRUCTUR\u00c9 LE SERVICE DE PLAGE DEVANT L&rsquo;H\u00d4TEL?\u00a0\u00bb css=\u00a0\u00bb\u00a0\u00bb]Notre plage partenaire se trouve juste devant l&rsquo;h\u00f4tel, accessible sans traverser de route. Les formules All Inclusive incluent g\u00e9n\u00e9ralement un parasol et deux transats.[\/vc_toggle][vc_empty_space height=\u00a0\u00bb15px\u00a0\u00bb][vc_toggle title=\u00a0\u00bbDISPOSEZ-VOUS D&rsquo;UN PARKING PRIV\u00c9 CL\u00d4TUR\u00c9?\u00a0\u00bb css=\u00a0\u00bb\u00a0\u00bb]Oui, l&rsquo;H\u00f4tel Mexico propose un parking priv\u00e9 et cl\u00f4tur\u00e9 pour tous les clients. \u00c0 Bellaria, le parking est un service rare et pr\u00e9cieux.[\/vc_toggle][vc_empty_space height=\u00a0\u00bb15px\u00a0\u00bb][vc_toggle title=\u00a0\u00bbQUELS SONT LES PLATS TYPIQUES DE LA CUISINE ROMAGNOLE QUE VOUS PROPOSEZ?\u00a0\u00bb css=\u00a0\u00bb\u00a0\u00bb]Dans notre restaurant panoramique, nous proposons une cuisine li\u00e9e \u00e0 la tradition: piadina maison, p\u00e2tes fra\u00eeches et le meilleur poisson de l&rsquo;Adriatique.[\/vc_toggle][\/vc_column][vc_column width=\u00a0\u00bb1\/6&Prime;][\/vc_column][\/vc_row]<\/p>\n<\/div>","protected":false},"excerpt":{"rendered":"<p>[vc_row full_width=\u00a0\u00bbstretch_row_content_no_spaces\u00a0\u00bb content_placement=\u00a0\u00bbmiddle\u00a0\u00bb css=\u00a0\u00bb.vc_custom_1743062444741{background-color: #FFFFFF !important;}\u00a0\u00bb][vc_column width=\u00a0\u00bb1\/6&Prime; css=\u00a0\u00bb.vc_custom_1737553254693{padding-right: 30px !important;padding-left: 30px !important;background-color: #FFFFFF !important;}\u00a0\u00bb][\/vc_column][vc_column width=\u00a0\u00bb2\/3&Prime;][vc_custom_heading text=\u00a0\u00bbBon \u00e0 savoir\u00a0\u00bb font_container=\u00a0\u00bbtag:h2|font_size:100|text_align:left\u00a0\u00bb css=\u00a0\u00bb\u00a0\u00bb el_class=\u00a0\u00bbspazio-desktop\u00a0\u00bb][vc_custom_heading text=\u00a0\u00bbBon \u00e0 savoir\u00a0\u00bb font_container=\u00a0\u00bbtag:h2|font_size:60|text_align:left|line_height:1&Prime; css=\u00a0\u00bb.vc_custom_1743407292943{padding-right: 30px !important;padding-left: 30px !important;}\u00a0\u00bb el_class=\u00a0\u00bbspazio-mobile\u00a0\u00bb][\/vc_column][vc_column width=\u00a0\u00bb1\/6&Prime;][\/vc_column][\/vc_row][vc_row full_width=\u00a0\u00bbstretch_row_content\u00a0\u00bb content_placement=\u00a0\u00bbmiddle\u00a0\u00bb css=\u00a0\u00bb.vc_custom_1737554314146{background-color: #FFFFFF !important;}\u00a0\u00bb][vc_column width=\u00a0\u00bb1\/4&Prime; css=\u00a0\u00bb.vc_custom_1737553254693{padding-right: 30px !important;padding-left: 30px !important;background-color: #FFFFFF !important;}\u00a0\u00bb][\/vc_column][vc_column width=\u00a0\u00bb3\/4&Prime;][vc_column_text css=\u00a0\u00bb.vc_custom_1743407479003{padding-right: 20px !important;padding-left: 20px !important;}\u00a0\u00bb] Seules les informations utiles [&hellip;]<\/p>\n","protected":false},"author":2,"featured_media":21006,"parent":0,"menu_order":0,"comment_status":"closed","ping_status":"closed","template":"","meta":{"inline_featured_image":false,"footnotes":""},"class_list":["post-22883","page","type-page","status-publish","has-post-thumbnail","hentry"],"yoast_head":"<!-- This site is optimized with the Yoast SEO plugin v27.3 - https:\/\/yoast.com\/product\/yoast-seo-wordpress\/ -->\n<title>Bon \u00e0 Savoir - Hotel Mexico<\/title>\n<meta name=\"robots\" content=\"index, follow, max-snippet:-1, max-image-preview:large, max-video-preview:-1\" \/>\n<link rel=\"canonical\" href=\"https:\/\/www.hotelmexico.net\/fr\/bon-a-savoir\/\" \/>\n<meta property=\"og:locale\" content=\"fr_FR\" \/>\n<meta property=\"og:type\" content=\"article\" \/>\n<meta property=\"og:title\" content=\"Bon \u00e0 Savoir - Hotel Mexico\" \/>\n<meta property=\"og:description\" content=\"[vc_row full_width=\u00a0\u00bbstretch_row_content_no_spaces\u00a0\u00bb content_placement=\u00a0\u00bbmiddle\u00a0\u00bb css=\u00a0\u00bb.vc_custom_1743062444741{background-color: #FFFFFF !important;}\u00a0\u00bb][vc_column width=\u00a0\u00bb1\/6&Prime; css=\u00a0\u00bb.vc_custom_1737553254693{padding-right: 30px !important;padding-left: 30px !important;background-color: #FFFFFF !important;}\u00a0\u00bb][\/vc_column][vc_column width=\u00a0\u00bb2\/3&Prime;][vc_custom_heading text=\u00a0\u00bbBon \u00e0 savoir\u00a0\u00bb font_container=\u00a0\u00bbtag:h2|font_size:100|text_align:left\u00a0\u00bb css=\u00a0\u00bb\u00a0\u00bb el_class=\u00a0\u00bbspazio-desktop\u00a0\u00bb][vc_custom_heading text=\u00a0\u00bbBon \u00e0 savoir\u00a0\u00bb font_container=\u00a0\u00bbtag:h2|font_size:60|text_align:left|line_height:1&Prime; css=\u00a0\u00bb.vc_custom_1743407292943{padding-right: 30px !important;padding-left: 30px !important;}\u00a0\u00bb el_class=\u00a0\u00bbspazio-mobile\u00a0\u00bb][\/vc_column][vc_column width=\u00a0\u00bb1\/6&Prime;][\/vc_column][\/vc_row][vc_row full_width=\u00a0\u00bbstretch_row_content\u00a0\u00bb content_placement=\u00a0\u00bbmiddle\u00a0\u00bb css=\u00a0\u00bb.vc_custom_1737554314146{background-color: #FFFFFF !important;}\u00a0\u00bb][vc_column width=\u00a0\u00bb1\/4&Prime; css=\u00a0\u00bb.vc_custom_1737553254693{padding-right: 30px !important;padding-left: 30px !important;background-color: #FFFFFF !important;}\u00a0\u00bb][\/vc_column][vc_column width=\u00a0\u00bb3\/4&Prime;][vc_column_text css=\u00a0\u00bb.vc_custom_1743407479003{padding-right: 20px !important;padding-left: 20px !important;}\u00a0\u00bb] Seules les informations utiles [&hellip;]\" \/>\n<meta property=\"og:url\" content=\"https:\/\/www.hotelmexico.net\/fr\/bon-a-savoir\/\" \/>\n<meta property=\"og:site_name\" content=\"Hotel Mexico\" \/>\n<meta property=\"article:publisher\" content=\"https:\/\/www.facebook.com\/HotelMexicoBellaria\" \/>\n<meta property=\"article:modified_time\" content=\"2026-01-28T11:42:12+00:00\" \/>\n<meta property=\"og:image\" content=\"https:\/\/www.hotelmexico.net\/wp-content\/uploads\/2025\/01\/famiglia-al-mare.jpg\" \/>\n\t<meta property=\"og:image:width\" content=\"900\" \/>\n\t<meta property=\"og:image:height\" content=\"900\" \/>\n\t<meta property=\"og:image:type\" content=\"image\/jpeg\" \/>\n<meta name=\"twitter:card\" content=\"summary_large_image\" \/>\n<meta name=\"twitter:image\" content=\"https:\/\/www.hotelmexico.net\/wp-content\/uploads\/2025\/01\/famiglia-al-mare.jpg\" \/>\n<meta name=\"twitter:label1\" content=\"Dur\u00e9e de lecture estim\u00e9e\" \/>\n\t<meta name=\"twitter:data1\" content=\"5 minutes\" \/>\n<script type=\"application\/ld+json\" class=\"yoast-schema-graph\">{\"@context\":\"https:\\\/\\\/schema.org\",\"@graph\":[{\"@type\":\"WebPage\",\"@id\":\"https:\\\/\\\/www.hotelmexico.net\\\/fr\\\/bon-a-savoir\\\/\",\"url\":\"https:\\\/\\\/www.hotelmexico.net\\\/fr\\\/bon-a-savoir\\\/\",\"name\":\"Bon \u00e0 Savoir - Hotel Mexico\",\"isPartOf\":{\"@id\":\"https:\\\/\\\/www.hotelmexico.net\\\/fr\\\/#website\"},\"primaryImageOfPage\":{\"@id\":\"https:\\\/\\\/www.hotelmexico.net\\\/fr\\\/bon-a-savoir\\\/#primaryimage\"},\"image\":{\"@id\":\"https:\\\/\\\/www.hotelmexico.net\\\/fr\\\/bon-a-savoir\\\/#primaryimage\"},\"thumbnailUrl\":\"https:\\\/\\\/www.hotelmexico.net\\\/wp-content\\\/uploads\\\/2025\\\/01\\\/famiglia-al-mare.jpg\",\"datePublished\":\"2025-02-20T09:16:05+00:00\",\"dateModified\":\"2026-01-28T11:42:12+00:00\",\"breadcrumb\":{\"@id\":\"https:\\\/\\\/www.hotelmexico.net\\\/fr\\\/bon-a-savoir\\\/#breadcrumb\"},\"inLanguage\":\"fr-FR\",\"potentialAction\":[{\"@type\":\"ReadAction\",\"target\":[\"https:\\\/\\\/www.hotelmexico.net\\\/fr\\\/bon-a-savoir\\\/\"]}]},{\"@type\":\"ImageObject\",\"inLanguage\":\"fr-FR\",\"@id\":\"https:\\\/\\\/www.hotelmexico.net\\\/fr\\\/bon-a-savoir\\\/#primaryimage\",\"url\":\"https:\\\/\\\/www.hotelmexico.net\\\/wp-content\\\/uploads\\\/2025\\\/01\\\/famiglia-al-mare.jpg\",\"contentUrl\":\"https:\\\/\\\/www.hotelmexico.net\\\/wp-content\\\/uploads\\\/2025\\\/01\\\/famiglia-al-mare.jpg\",\"width\":900,\"height\":900},{\"@type\":\"BreadcrumbList\",\"@id\":\"https:\\\/\\\/www.hotelmexico.net\\\/fr\\\/bon-a-savoir\\\/#breadcrumb\",\"itemListElement\":[{\"@type\":\"ListItem\",\"position\":1,\"name\":\"Home\",\"item\":\"https:\\\/\\\/www.hotelmexico.net\\\/fr\\\/\"},{\"@type\":\"ListItem\",\"position\":2,\"name\":\"Bon \u00e0 Savoir\"}]},{\"@type\":\"WebSite\",\"@id\":\"https:\\\/\\\/www.hotelmexico.net\\\/fr\\\/#website\",\"url\":\"https:\\\/\\\/www.hotelmexico.net\\\/fr\\\/\",\"name\":\"Hotel Mexico\",\"description\":\"- Bellaria Igea Marina - Stacca la Spina e Accendi le emozioni &#x1fa75;\",\"publisher\":{\"@id\":\"https:\\\/\\\/www.hotelmexico.net\\\/fr\\\/#organization\"},\"potentialAction\":[{\"@type\":\"SearchAction\",\"target\":{\"@type\":\"EntryPoint\",\"urlTemplate\":\"https:\\\/\\\/www.hotelmexico.net\\\/fr\\\/?s={search_term_string}\"},\"query-input\":{\"@type\":\"PropertyValueSpecification\",\"valueRequired\":true,\"valueName\":\"search_term_string\"}}],\"inLanguage\":\"fr-FR\"},{\"@type\":\"Organization\",\"@id\":\"https:\\\/\\\/www.hotelmexico.net\\\/fr\\\/#organization\",\"name\":\"Hotel Mexico\",\"url\":\"https:\\\/\\\/www.hotelmexico.net\\\/fr\\\/\",\"logo\":{\"@type\":\"ImageObject\",\"inLanguage\":\"fr-FR\",\"@id\":\"https:\\\/\\\/www.hotelmexico.net\\\/fr\\\/#\\\/schema\\\/logo\\\/image\\\/\",\"url\":\"https:\\\/\\\/www.hotelmexico.net\\\/wp-content\\\/uploads\\\/2019\\\/01\\\/Favicon-no-riquadro-2026.png\",\"contentUrl\":\"https:\\\/\\\/www.hotelmexico.net\\\/wp-content\\\/uploads\\\/2019\\\/01\\\/Favicon-no-riquadro-2026.png\",\"width\":512,\"height\":512,\"caption\":\"Hotel Mexico\"},\"image\":{\"@id\":\"https:\\\/\\\/www.hotelmexico.net\\\/fr\\\/#\\\/schema\\\/logo\\\/image\\\/\"},\"sameAs\":[\"https:\\\/\\\/www.facebook.com\\\/HotelMexicoBellaria\",\"https:\\\/\\\/www.instagram.com\\\/hotel_mexico\\\/\"]}]}<\/script>\n<!-- \/ Yoast SEO plugin. -->","yoast_head_json":{"title":"Bon \u00e0 Savoir - Hotel Mexico","robots":{"index":"index","follow":"follow","max-snippet":"max-snippet:-1","max-image-preview":"max-image-preview:large","max-video-preview":"max-video-preview:-1"},"canonical":"https:\/\/www.hotelmexico.net\/fr\/bon-a-savoir\/","og_locale":"fr_FR","og_type":"article","og_title":"Bon \u00e0 Savoir - Hotel Mexico","og_description":"[vc_row full_width=\u00a0\u00bbstretch_row_content_no_spaces\u00a0\u00bb content_placement=\u00a0\u00bbmiddle\u00a0\u00bb css=\u00a0\u00bb.vc_custom_1743062444741{background-color: #FFFFFF !important;}\u00a0\u00bb][vc_column width=\u00a0\u00bb1\/6&Prime; css=\u00a0\u00bb.vc_custom_1737553254693{padding-right: 30px !important;padding-left: 30px !important;background-color: #FFFFFF !important;}\u00a0\u00bb][\/vc_column][vc_column width=\u00a0\u00bb2\/3&Prime;][vc_custom_heading text=\u00a0\u00bbBon \u00e0 savoir\u00a0\u00bb font_container=\u00a0\u00bbtag:h2|font_size:100|text_align:left\u00a0\u00bb css=\u00a0\u00bb\u00a0\u00bb el_class=\u00a0\u00bbspazio-desktop\u00a0\u00bb][vc_custom_heading text=\u00a0\u00bbBon \u00e0 savoir\u00a0\u00bb font_container=\u00a0\u00bbtag:h2|font_size:60|text_align:left|line_height:1&Prime; css=\u00a0\u00bb.vc_custom_1743407292943{padding-right: 30px !important;padding-left: 30px !important;}\u00a0\u00bb el_class=\u00a0\u00bbspazio-mobile\u00a0\u00bb][\/vc_column][vc_column width=\u00a0\u00bb1\/6&Prime;][\/vc_column][\/vc_row][vc_row full_width=\u00a0\u00bbstretch_row_content\u00a0\u00bb content_placement=\u00a0\u00bbmiddle\u00a0\u00bb css=\u00a0\u00bb.vc_custom_1737554314146{background-color: #FFFFFF !important;}\u00a0\u00bb][vc_column width=\u00a0\u00bb1\/4&Prime; css=\u00a0\u00bb.vc_custom_1737553254693{padding-right: 30px !important;padding-left: 30px !important;background-color: #FFFFFF !important;}\u00a0\u00bb][\/vc_column][vc_column width=\u00a0\u00bb3\/4&Prime;][vc_column_text css=\u00a0\u00bb.vc_custom_1743407479003{padding-right: 20px !important;padding-left: 20px !important;}\u00a0\u00bb] Seules les informations utiles [&hellip;]","og_url":"https:\/\/www.hotelmexico.net\/fr\/bon-a-savoir\/","og_site_name":"Hotel Mexico","article_publisher":"https:\/\/www.facebook.com\/HotelMexicoBellaria","article_modified_time":"2026-01-28T11:42:12+00:00","og_image":[{"width":900,"height":900,"url":"https:\/\/www.hotelmexico.net\/wp-content\/uploads\/2025\/01\/famiglia-al-mare.jpg","type":"image\/jpeg"}],"twitter_card":"summary_large_image","twitter_image":"https:\/\/www.hotelmexico.net\/wp-content\/uploads\/2025\/01\/famiglia-al-mare.jpg","twitter_misc":{"Dur\u00e9e de lecture estim\u00e9e":"5 minutes"},"schema":{"@context":"https:\/\/schema.org","@graph":[{"@type":"WebPage","@id":"https:\/\/www.hotelmexico.net\/fr\/bon-a-savoir\/","url":"https:\/\/www.hotelmexico.net\/fr\/bon-a-savoir\/","name":"Bon \u00e0 Savoir - Hotel Mexico","isPartOf":{"@id":"https:\/\/www.hotelmexico.net\/fr\/#website"},"primaryImageOfPage":{"@id":"https:\/\/www.hotelmexico.net\/fr\/bon-a-savoir\/#primaryimage"},"image":{"@id":"https:\/\/www.hotelmexico.net\/fr\/bon-a-savoir\/#primaryimage"},"thumbnailUrl":"https:\/\/www.hotelmexico.net\/wp-content\/uploads\/2025\/01\/famiglia-al-mare.jpg","datePublished":"2025-02-20T09:16:05+00:00","dateModified":"2026-01-28T11:42:12+00:00","breadcrumb":{"@id":"https:\/\/www.hotelmexico.net\/fr\/bon-a-savoir\/#breadcrumb"},"inLanguage":"fr-FR","potentialAction":[{"@type":"ReadAction","target":["https:\/\/www.hotelmexico.net\/fr\/bon-a-savoir\/"]}]},{"@type":"ImageObject","inLanguage":"fr-FR","@id":"https:\/\/www.hotelmexico.net\/fr\/bon-a-savoir\/#primaryimage","url":"https:\/\/www.hotelmexico.net\/wp-content\/uploads\/2025\/01\/famiglia-al-mare.jpg","contentUrl":"https:\/\/www.hotelmexico.net\/wp-content\/uploads\/2025\/01\/famiglia-al-mare.jpg","width":900,"height":900},{"@type":"BreadcrumbList","@id":"https:\/\/www.hotelmexico.net\/fr\/bon-a-savoir\/#breadcrumb","itemListElement":[{"@type":"ListItem","position":1,"name":"Home","item":"https:\/\/www.hotelmexico.net\/fr\/"},{"@type":"ListItem","position":2,"name":"Bon \u00e0 Savoir"}]},{"@type":"WebSite","@id":"https:\/\/www.hotelmexico.net\/fr\/#website","url":"https:\/\/www.hotelmexico.net\/fr\/","name":"Hotel Mexico","description":"- Bellaria Igea Marina - Stacca la Spina e Accendi le emozioni &#x1fa75;","publisher":{"@id":"https:\/\/www.hotelmexico.net\/fr\/#organization"},"potentialAction":[{"@type":"SearchAction","target":{"@type":"EntryPoint","urlTemplate":"https:\/\/www.hotelmexico.net\/fr\/?s={search_term_string}"},"query-input":{"@type":"PropertyValueSpecification","valueRequired":true,"valueName":"search_term_string"}}],"inLanguage":"fr-FR"},{"@type":"Organization","@id":"https:\/\/www.hotelmexico.net\/fr\/#organization","name":"Hotel Mexico","url":"https:\/\/www.hotelmexico.net\/fr\/","logo":{"@type":"ImageObject","inLanguage":"fr-FR","@id":"https:\/\/www.hotelmexico.net\/fr\/#\/schema\/logo\/image\/","url":"https:\/\/www.hotelmexico.net\/wp-content\/uploads\/2019\/01\/Favicon-no-riquadro-2026.png","contentUrl":"https:\/\/www.hotelmexico.net\/wp-content\/uploads\/2019\/01\/Favicon-no-riquadro-2026.png","width":512,"height":512,"caption":"Hotel Mexico"},"image":{"@id":"https:\/\/www.hotelmexico.net\/fr\/#\/schema\/logo\/image\/"},"sameAs":["https:\/\/www.facebook.com\/HotelMexicoBellaria","https:\/\/www.instagram.com\/hotel_mexico\/"]}]}},"publishpress_future_action":{"enabled":false,"date":"2026-04-16 11:09:16","action":"change-status","newStatus":"draft","terms":[],"taxonomy":"translation_priority","extraData":[]},"publishpress_future_workflow_manual_trigger":{"enabledWorkflows":[]},"_links":{"self":[{"href":"https:\/\/www.hotelmexico.net\/fr\/wp-json\/wp\/v2\/pages\/22883","targetHints":{"allow":["GET"]}}],"collection":[{"href":"https:\/\/www.hotelmexico.net\/fr\/wp-json\/wp\/v2\/pages"}],"about":[{"href":"https:\/\/www.hotelmexico.net\/fr\/wp-json\/wp\/v2\/types\/page"}],"author":[{"embeddable":true,"href":"https:\/\/www.hotelmexico.net\/fr\/wp-json\/wp\/v2\/users\/2"}],"replies":[{"embeddable":true,"href":"https:\/\/www.hotelmexico.net\/fr\/wp-json\/wp\/v2\/comments?post=22883"}],"version-history":[{"count":5,"href":"https:\/\/www.hotelmexico.net\/fr\/wp-json\/wp\/v2\/pages\/22883\/revisions"}],"predecessor-version":[{"id":26294,"href":"https:\/\/www.hotelmexico.net\/fr\/wp-json\/wp\/v2\/pages\/22883\/revisions\/26294"}],"wp:featuredmedia":[{"embeddable":true,"href":"https:\/\/www.hotelmexico.net\/fr\/wp-json\/wp\/v2\/media\/21006"}],"wp:attachment":[{"href":"https:\/\/www.hotelmexico.net\/fr\/wp-json\/wp\/v2\/media?parent=22883"}],"curies":[{"name":"wp","href":"https:\/\/api.w.org\/{rel}","templated":true}]}}